{"id":1011,"date":"2024-01-18T10:24:15","date_gmt":"2024-01-18T10:24:15","guid":{"rendered":"https:\/\/confident-zhukovsky.185-178-193-234.plesk.page\/services\/"},"modified":"2024-11-07T10:48:38","modified_gmt":"2024-11-07T10:48:38","slug":"technical-support","status":"publish","type":"page","link":"https:\/\/contecfiber.com\/en\/technical-support\/","title":{"rendered":"Technical Support"},"content":{"rendered":"<div class=\"wpb-content-wrapper\"><p>[vc_row full_width=&#8221;stretch_row&#8221; bg_type=&#8221;grad&#8221; bg_grad=&#8221;background: -webkit-gradient(linear, left top, left bottom, color-stop(0%, #000000), color-stop(100%, #2985C2));background: -moz-linear-gradient(top,#000000 0%,#2985C2 100%);background: -webkit-linear-gradient(top,#000000 0%,#2985C2 100%);background: -o-linear-gradient(top,#000000 0%,#2985C2 100%);background: -ms-linear-gradient(top,#000000 0%,#2985C2 100%);background: linear-gradient(top,#000000 0%,#2985C2 100%);&#8221; css=&#8221;.vc_custom_1705570794716{margin-top: 0px !important;border-top-width: 0px !important;padding-top: 50px !important;padding-bottom: 30px !important;}&#8221;][vc_column width=&#8221;1\/6&#8243;][\/vc_column][vc_column width=&#8221;2\/3&#8243;][vc_column_text]<\/p>\n<h1 class=\"title\" style=\"text-align: center;\"><span style=\"color: #ffffff;\"> Techinical Support<\/span><\/h1>\n<p class=\"lead\" style=\"text-align: center;\"><span style=\"color: #ffffff;\">Unique Swiss success story<\/span><\/p>\n<p>[\/vc_column_text][\/vc_column][vc_column width=&#8221;1\/6&#8243;][\/vc_column][\/vc_row][vc_row content_placement=&#8221;middle&#8221; bg_type=&#8221;bg_color&#8221; ult_hide_row=&#8221;ult_hide_row_value&#8221; ult_hide_row_tablet=&#8221;tablet&#8221; ult_hide_row_tablet_small=&#8221;xs_tablet&#8221; ult_hide_row_mobile=&#8221;mobile&#8221; ult_hide_row_mobile_large=&#8221;xl_mobile&#8221; css=&#8221;.vc_custom_1726042860341{margin-top: 110px !important;margin-right: 0px !important;margin-bottom: 60px !important;margin-left: 0px !important;border-top-width: 0px !important;border-right-width: 0px !important;border-bottom-width: 0px !important;border-left-width: 0px !important;padding-top: 0px !important;padding-right: 0px !important;padding-bottom: 0px !important;padding-left: 0px !important;}&#8221; bg_color_value=&#8221;#efefef&#8221;][vc_column width=&#8221;1\/2&#8243; css=&#8221;.vc_custom_1721639551232{margin-top: 0px !important;margin-right: 0px !important;margin-bottom: 0px !important;margin-left: 0px !important;border-top-width: 0px !important;border-right-width: 0px !important;border-bottom-width: 0px !important;border-left-width: 0px !important;padding-top: 0px !important;padding-right: 0px !important;padding-bottom: 0px !important;padding-left: 0px !important;}&#8221; offset=&#8221;vc_hidden-sm vc_hidden-xs&#8221;][vc_column_text css=&#8221;.vc_custom_1726498899150{margin-bottom: 0px !important;border-bottom-width: 0px !important;padding-top: 25px !important;padding-right: 25px !important;padding-bottom: 13px !important;padding-left: 25px !important;}&#8221;]<\/p>\n<h2><strong>Project realisation <\/strong><\/h2>\n<p>Thanks to our more than 30 years of experience and our highly qualified staff, we are able to accompany architects, engineers and builders from the beginning of the project. Our proven track record in completed projects allows us to deliver the optimal solutions in terms of quality, cost and reduction of carbon footprint.[\/vc_column_text][\/vc_column][vc_column width=&#8221;1\/2&#8243; css=&#8221;.vc_custom_1721639557504{margin-top: 0px !important;margin-right: 0px !important;margin-bottom: 0px !important;margin-left: 0px !important;border-top-width: 0px !important;border-right-width: 0px !important;border-bottom-width: 0px !important;border-left-width: 0px !important;padding-top: 0px !important;padding-right: 0px !important;padding-bottom: 0px !important;padding-left: 0px !important;}&#8221; offset=&#8221;vc_hidden-sm vc_hidden-xs&#8221;][vc_single_image image=&#8221;3611&#8243; img_size=&#8221;full&#8221; css=&#8221;.vc_custom_1726042437413{margin-top: 0px !important;margin-right: 0px !important;margin-bottom: 0px !important;margin-left: 0px !important;border-top-width: 0px !important;border-right-width: 0px !important;border-bottom-width: 0px !important;border-left-width: 0px !important;padding-top: 0px !important;padding-right: 0px !important;padding-bottom: 0px !important;padding-left: 0px !important;}&#8221;][\/vc_column][\/vc_row][vc_row bg_type=&#8221;bg_color&#8221; ult_hide_row=&#8221;ult_hide_row_value&#8221; ult_hide_row_large_screen=&#8221;large_screen&#8221; ult_hide_row_desktop=&#8221;desktop&#8221; css=&#8221;.vc_custom_1725526142978{margin-top: 110px !important;margin-right: 0px !important;margin-bottom: 60px !important;margin-left: 0px !important;border-top-width: 0px !important;border-right-width: 0px !important;border-bottom-width: 0px !important;border-left-width: 0px !important;padding-top: 0px !important;padding-right: 0px !important;padding-bottom: 0px !important;padding-left: 0px !important;}&#8221; bg_color_value=&#8221;#efefef&#8221;][vc_column width=&#8221;1\/2&#8243; css=&#8221;.vc_custom_1721639524138{margin-top: 0px !important;margin-right: 0px !important;margin-bottom: 0px !important;margin-left: 0px !important;border-top-width: 0px !important;border-right-width: 0px !important;border-bottom-width: 0px !important;border-left-width: 0px !important;padding-top: 0px !important;padding-right: 0px !important;padding-bottom: 0px !important;padding-left: 0px !important;}&#8221; offset=&#8221;vc_hidden-lg vc_hidden-md&#8221;][vc_single_image image=&#8221;3611&#8243; img_size=&#8221;full&#8221; css=&#8221;.vc_custom_1726042437413{margin-top: 0px !important;margin-right: 0px !important;margin-bottom: 0px !important;margin-left: 0px !important;border-top-width: 0px !important;border-right-width: 0px !important;border-bottom-width: 0px !important;border-left-width: 0px !important;padding-top: 0px !important;padding-right: 0px !important;padding-bottom: 0px !important;padding-left: 0px !important;}&#8221;][\/vc_column][vc_column width=&#8221;1\/2&#8243; css=&#8221;.vc_custom_1721639534817{margin-top: 0px !important;margin-right: 0px !important;margin-bottom: 0px !important;margin-left: 0px !important;border-top-width: 0px !important;border-right-width: 0px !important;border-bottom-width: 0px !important;border-left-width: 0px !important;padding-top: 0px !important;padding-right: 0px !important;padding-bottom: 0px !important;padding-left: 0px !important;}&#8221; offset=&#8221;vc_hidden-lg vc_hidden-md&#8221;][vc_column_text css=&#8221;.vc_custom_1726042868989{margin-bottom: 0px !important;border-bottom-width: 0px !important;padding-top: 25px !important;padding-right: 25px !important;padding-bottom: 13px !important;padding-left: 25px !important;}&#8221;]<\/p>\n<h2>Support bei Projektierung<\/h2>\n<p>Durch unsere mehr als 30-j\u00e4hrige Erfahrung und unser hochqualifiziertes Personal sind wir in der Lage, Architekten, Ingenieure und Bauherren von Beginn des Projekts an zu begleiten. Unsere nachgewiesene Erfolgsbilanz bei ausgef\u00fchrten Projekten erm\u00f6glicht es uns, die optimale L\u00f6sung<span style=\"text-decoration: line-through;\">en<\/span> zu liefern hinsichtlich Qualit\u00e4t, Kosten und Reduzierung des CO2-Fu\u00dfabdrucks.[\/vc_column_text][\/vc_column][\/vc_row][vc_row content_placement=&#8221;middle&#8221; bg_type=&#8221;bg_color&#8221; css=&#8221;.vc_custom_1726061173938{margin-top: 0px !important;margin-right: 0px !important;margin-bottom: 60px !important;margin-left: 0px !important;border-top-width: 0px !important;border-right-width: 0px !important;border-bottom-width: 0px !important;border-left-width: 0px !important;padding-top: 0px !important;padding-right: 0px !important;padding-bottom: 0px !important;padding-left: 0px !important;}&#8221; bg_color_value=&#8221;#efefef&#8221;][vc_column width=&#8221;1\/2&#8243; css=&#8221;.vc_custom_1721638760154{margin-top: 0px !important;margin-right: 0px !important;margin-bottom: 0px !important;margin-left: 0px !important;border-top-width: 0px !important;border-right-width: 0px !important;border-bottom-width: 0px !important;border-left-width: 0px !important;padding-top: 0px !important;padding-right: 0px !important;padding-bottom: 0px !important;padding-left: 0px !important;}&#8221;][vc_single_image image=&#8221;3669&#8243; img_size=&#8221;full&#8221; css=&#8221;.vc_custom_1726061118611{margin-top: 0px !important;margin-right: 0px !important;margin-bottom: 0px !important;margin-left: 0px !important;border-top-width: 0px !important;border-right-width: 0px !important;border-bottom-width: 0px !important;border-left-width: 0px !important;padding-top: 0px !important;padding-right: 0px !important;padding-bottom: 0px !important;padding-left: 0px !important;}&#8221;][\/vc_column][vc_column width=&#8221;1\/2&#8243; css=&#8221;.vc_custom_1721638751829{margin-top: 0px !important;margin-right: 0px !important;margin-bottom: 0px !important;margin-left: 0px !important;border-top-width: 0px !important;border-right-width: 0px !important;border-bottom-width: 0px !important;border-left-width: 0px !important;padding-top: 0px !important;padding-right: 0px !important;padding-bottom: 0px !important;padding-left: 0px !important;}&#8221;][vc_column_text css=&#8221;.vc_custom_1730203448931{margin-bottom: 0px !important;border-bottom-width: 0px !important;padding-top: 25px !important;padding-right: 25px !important;padding-bottom: 13px !important;padding-left: 25px !important;}&#8221;]<\/p>\n<h2><strong>Fibre reinforced concrete report<\/strong><\/h2>\n<p>Depending on the project, element or component, our engineering department will investigate a reduction or possibly complete replacement of conventional steel reinforcement or steel fibre reinforcement.\u00a0 Taking into account the different conditions such as loads, concrete class, dimensions, substrate, formwork or based on existing calculations, we determine the most suitable fibre and its dosage. The reports or recommendations prepared by Contec Fiber AG are based on currently valid standards and guidelines.[\/vc_column_text][\/vc_column][\/vc_row][vc_row content_placement=&#8221;middle&#8221; bg_type=&#8221;bg_color&#8221; ult_hide_row=&#8221;ult_hide_row_value&#8221; ult_hide_row_tablet=&#8221;tablet&#8221; ult_hide_row_tablet_small=&#8221;xs_tablet&#8221; ult_hide_row_mobile=&#8221;mobile&#8221; ult_hide_row_mobile_large=&#8221;xl_mobile&#8221; css=&#8221;.vc_custom_1726061179553{margin-top: 0px !important;margin-right: 0px !important;margin-bottom: 60px !important;margin-left: 0px !important;border-top-width: 0px !important;border-right-width: 0px !important;border-bottom-width: 0px !important;border-left-width: 0px !important;padding-top: 0px !important;padding-right: 0px !important;padding-bottom: 0px !important;padding-left: 0px !important;}&#8221; bg_color_value=&#8221;#efefef&#8221;][vc_column width=&#8221;1\/2&#8243; css=&#8221;.vc_custom_1721639551232{margin-top: 0px !important;margin-right: 0px !important;margin-bottom: 0px !important;margin-left: 0px !important;border-top-width: 0px !important;border-right-width: 0px !important;border-bottom-width: 0px !important;border-left-width: 0px !important;padding-top: 0px !important;padding-right: 0px !important;padding-bottom: 0px !important;padding-left: 0px !important;}&#8221; offset=&#8221;vc_hidden-sm vc_hidden-xs&#8221;][vc_column_text css=&#8221;.vc_custom_1726498947678{margin-bottom: 0px !important;border-bottom-width: 0px !important;padding-top: 25px !important;padding-right: 25px !important;padding-bottom: 13px !important;padding-left: 25px !important;}&#8221;]<\/p>\n<h2><strong>On site support<\/strong><\/h2>\n<p>Our sales and technical team, complemented by our competent partners around the world, ensures the necessary proximity to answer all questions on site that arise in all phases of the project. We attach particular importance to ensuring that the desired fibre concrete solution is successful on the construction site or in the precast factory.[\/vc_column_text][\/vc_column][vc_column width=&#8221;1\/2&#8243; css=&#8221;.vc_custom_1721639557504{margin-top: 0px !important;margin-right: 0px !important;margin-bottom: 0px !important;margin-left: 0px !important;border-top-width: 0px !important;border-right-width: 0px !important;border-bottom-width: 0px !important;border-left-width: 0px !important;padding-top: 0px !important;padding-right: 0px !important;padding-bottom: 0px !important;padding-left: 0px !important;}&#8221; offset=&#8221;vc_hidden-sm vc_hidden-xs&#8221;][vc_single_image image=&#8221;3615&#8243; img_size=&#8221;full&#8221; css=&#8221;.vc_custom_1726042528473{margin-top: 0px !important;margin-right: 0px !important;margin-bottom: 0px !important;margin-left: 0px !important;border-top-width: 0px !important;border-right-width: 0px !important;border-bottom-width: 0px !important;border-left-width: 0px !important;padding-top: 0px !important;padding-right: 0px !important;padding-bottom: 0px !important;padding-left: 0px !important;}&#8221;][\/vc_column][\/vc_row][vc_row bg_type=&#8221;bg_color&#8221; ult_hide_row=&#8221;ult_hide_row_value&#8221; ult_hide_row_large_screen=&#8221;large_screen&#8221; ult_hide_row_desktop=&#8221;desktop&#8221; css=&#8221;.vc_custom_1725526142978{margin-top: 110px !important;margin-right: 0px !important;margin-bottom: 60px !important;margin-left: 0px !important;border-top-width: 0px !important;border-right-width: 0px !important;border-bottom-width: 0px !important;border-left-width: 0px !important;padding-top: 0px !important;padding-right: 0px !important;padding-bottom: 0px !important;padding-left: 0px !important;}&#8221; bg_color_value=&#8221;#efefef&#8221;][vc_column width=&#8221;1\/2&#8243; css=&#8221;.vc_custom_1721639524138{margin-top: 0px !important;margin-right: 0px !important;margin-bottom: 0px !important;margin-left: 0px !important;border-top-width: 0px !important;border-right-width: 0px !important;border-bottom-width: 0px !important;border-left-width: 0px !important;padding-top: 0px !important;padding-right: 0px !important;padding-bottom: 0px !important;padding-left: 0px !important;}&#8221; offset=&#8221;vc_hidden-lg vc_hidden-md&#8221;][vc_single_image image=&#8221;3615&#8243; img_size=&#8221;full&#8221; css=&#8221;.vc_custom_1726042528473{margin-top: 0px !important;margin-right: 0px !important;margin-bottom: 0px !important;margin-left: 0px !important;border-top-width: 0px !important;border-right-width: 0px !important;border-bottom-width: 0px !important;border-left-width: 0px !important;padding-top: 0px !important;padding-right: 0px !important;padding-bottom: 0px !important;padding-left: 0px !important;}&#8221;][\/vc_column][vc_column width=&#8221;1\/2&#8243; css=&#8221;.vc_custom_1721639534817{margin-top: 0px !important;margin-right: 0px !important;margin-bottom: 0px !important;margin-left: 0px !important;border-top-width: 0px !important;border-right-width: 0px !important;border-bottom-width: 0px !important;border-left-width: 0px !important;padding-top: 0px !important;padding-right: 0px !important;padding-bottom: 0px !important;padding-left: 0px !important;}&#8221; offset=&#8221;vc_hidden-lg vc_hidden-md&#8221;][vc_column_text css=&#8221;.vc_custom_1726042951987{margin-bottom: 0px !important;border-bottom-width: 0px !important;padding-top: 25px !important;padding-right: 25px !important;padding-bottom: 13px !important;padding-left: 25px !important;}&#8221;]<\/p>\n<h2>Vor Ort Unterst\u00fctzung<\/h2>\n<p>Unser Vertriebs- und Technikteam, erg\u00e4nzt durch unsere kompetenten Partner in der ganzen Welt, sorgt f\u00fcr die n\u00f6tige N\u00e4he, um vor Ort alle Fragen zu beantworten, die sich in allen Phasen des Projekts ergeben. Wir legen besonderen Wert darauf, sicherzustellen, dass die gew\u00fcnschte Faserbetonl\u00f6sung auf der Baustelle oder im Fertigteilwerk zum Erfolg f\u00fchrt.[\/vc_column_text][\/vc_column][\/vc_row][vc_row content_placement=&#8221;middle&#8221; bg_type=&#8221;bg_color&#8221; css=&#8221;.vc_custom_1726043014003{margin-top: 0px !important;margin-right: 0px !important;margin-bottom: 110px !important;margin-left: 0px !important;border-top-width: 0px !important;border-right-width: 0px !important;border-bottom-width: 0px !important;border-left-width: 0px !important;padding-top: 0px !important;padding-right: 0px !important;padding-bottom: 0px !important;padding-left: 0px !important;}&#8221; bg_color_value=&#8221;#efefef&#8221;][vc_column width=&#8221;1\/2&#8243; css=&#8221;.vc_custom_1721638760154{margin-top: 0px !important;margin-right: 0px !important;margin-bottom: 0px !important;margin-left: 0px !important;border-top-width: 0px !important;border-right-width: 0px !important;border-bottom-width: 0px !important;border-left-width: 0px !important;padding-top: 0px !important;padding-right: 0px !important;padding-bottom: 0px !important;padding-left: 0px !important;}&#8221;][vc_single_image image=&#8221;3617&#8243; img_size=&#8221;full&#8221; css=&#8221;.vc_custom_1726042580086{margin-top: 0px !important;margin-right: 0px !important;margin-bottom: 0px !important;margin-left: 0px !important;border-top-width: 0px !important;border-right-width: 0px !important;border-bottom-width: 0px !important;border-left-width: 0px !important;padding-top: 0px !important;padding-right: 0px !important;padding-bottom: 0px !important;padding-left: 0px !important;}&#8221;][\/vc_column][vc_column width=&#8221;1\/2&#8243; css=&#8221;.vc_custom_1721638751829{margin-top: 0px !important;margin-right: 0px !important;margin-bottom: 0px !important;margin-left: 0px !important;border-top-width: 0px !important;border-right-width: 0px !important;border-bottom-width: 0px !important;border-left-width: 0px !important;padding-top: 0px !important;padding-right: 0px !important;padding-bottom: 0px !important;padding-left: 0px !important;}&#8221;][vc_column_text css=&#8221;.vc_custom_1730371829414{margin-bottom: 0px !important;border-bottom-width: 0px !important;padding-top: 25px !important;padding-right: 25px !important;padding-bottom: 13px !important;padding-left: 25px !important;}&#8221;]<\/p>\n<h2><strong>Trouble shootings<\/strong><\/h2>\n<p>Due to our broad expertise in the applications of synthetic fibres and natural fibres in concrete, we are able to answer many questions. Whatever question you may have, we are here to help you. Don&#8217;t hesitate to contact us.[\/vc_column_text][\/vc_column][\/vc_row][vc_row css=&#8221;.vc_custom_1725530255905{margin-top: 50px !important;margin-bottom: 60px !important;}&#8221;][vc_column][vc_column_text]<\/p>\n<h2><strong><span style=\"color: #000000;\">Lastmatrix Tableau<\/span><\/strong><\/h2>\n<p>[\/vc_column_text][vc_row_inner][vc_column_inner width=&#8221;1\/3&#8243;]<div class=\"ult-content-box-container \" >\t<a class=\"ult-content-box-anchor\" href=\"https:\/\/public.tableau.com\/views\/Contecfiber-Lastmatrix-DTP2-2022\/Dashboard1?:alerts=no&:language=de-DE&:sid=&:subscriptions=no&:original_view=yes&:customViews=no&:toolbar=n&:embed_code_version=3&:loadOrderID=0&:embed=y&:redirect=auth&:dataDetails=no&:display_count=y&:origin=viz_share_link&:device=phone\" target=\"_blank\" rel=\"noopener\" >\t\t<div class=\"ult-content-box\" style=\"background-color:#1c9dd9;box-shadow: px px px px none;-webkit-transition: all 700ms ease;-moz-transition: all 700ms ease;-ms-transition: all 700ms ease;-o-transition: all 700ms ease;transition: all 700ms ease;\"  data-hover_bg_color=\"#1c9dd9\"  data-hover_box_shadow=\"none\"     data-bg=\"#1c9dd9\" >[vc_column_text css=&#8221;.vc_custom_1725529692096{padding-top: 10px !important;padding-right: 10px !important;padding-bottom: 10px !important;padding-left: 10px !important;}&#8221;]<\/p>\n<h3 style=\"text-align: center;\"><span style=\"color: #ffffff;\">Mobile<\/span><\/h3>\n<p>[\/vc_column_text]\t\t<\/div>\t<\/a><\/div>[\/vc_column_inner][vc_column_inner width=&#8221;1\/3&#8243;]<div class=\"ult-content-box-container \" >\t<a class=\"ult-content-box-anchor\" href=\"https:\/\/public.tableau.com\/views\/Contecfiber-Lastmatrix-DTP2-2022\/Dashboard1?:alerts=no&:language=de-DE&:sid=&:subscriptions=no&:original_view=yes&:customViews=no&:toolbar=n&:embed_code_version=3&:loadOrderID=0&:embed=y&:redirect=auth&:dataDetails=no&:display_count=y&:origin=viz_share_link&:device=desktop\" target=\"_blank\" rel=\"noopener\" >\t\t<div class=\"ult-content-box\" style=\"background-color:#1c9dd9;box-shadow: px px px px none;-webkit-transition: all 700ms ease;-moz-transition: all 700ms ease;-ms-transition: all 700ms ease;-o-transition: all 700ms ease;transition: all 700ms ease;\"  data-hover_bg_color=\"#1c9dd9\"  data-hover_box_shadow=\"none\"     data-bg=\"#1c9dd9\" >[vc_column_text css=&#8221;.vc_custom_1725529682942{padding-top: 10px !important;padding-right: 10px !important;padding-bottom: 10px !important;padding-left: 10px !important;}&#8221;]<\/p>\n<h3 style=\"text-align: center;\"><span style=\"color: #ffffff;\">Desktop<\/span><\/h3>\n<p>[\/vc_column_text]\t\t<\/div>\t<\/a><\/div>[\/vc_column_inner][vc_column_inner width=&#8221;1\/3&#8243;][\/vc_column_inner][\/vc_row_inner][\/vc_column][\/vc_row][vc_row full_width=&#8221;stretch_row&#8221; bg_type=&#8221;image&#8221; parallax_style=&#8221;vcpb-vz-jquery&#8221; bg_image_new=&#8221;id^212|url^https:\/\/contecfiber.com\/wp-content\/uploads\/2024\/01\/produkt-finder.png|caption^null|alt^null|title^produkt finder|description^null&#8221; css=&#8221;.vc_custom_1706862228032{padding-top: 70px !important;padding-bottom: 100px !important;background-image: url(https:\/\/contecfiber.com\/wp-content\/uploads\/2024\/01\/produkt-finder.png?id=212) !important;}&#8221;][vc_column][vc_column_text css=&#8221;.vc_custom_1726574230331{margin-bottom: 0px !important;border-bottom-width: 0px !important;padding-bottom: 15px !important;}&#8221;]<\/p>\n<h5><span style=\"color: #ffffff;\">Worldwide networking<\/span><\/h5>\n<h1><span style=\"color: #ffffff;\">Find the nearest<\/span><br \/>\n<span style=\"color: #ffffff;\">Contec Fiber partner worldwide.<\/span><\/h1>\n<p>[\/vc_column_text]<style type=\"text\/css\" data-type=\"the7_shortcodes-inline-css\">#default-btn-b5325148a7f3d19fc3210852c967a23e {\n  border-radius: 25px;\n  font-size: 18px;\n  line-height: 20px;\n}\n.btn-shadow#default-btn-b5325148a7f3d19fc3210852c967a23e {\n  box-shadow: 0 1px 6px rgba(0,0,0,0.12);\n  transition: box-shadow 0.2s ease-out, opacity 0.45s;\n}\n.btn-shadow#default-btn-b5325148a7f3d19fc3210852c967a23e:hover {\n  box-shadow: 0 5px 11px 0 rgba(0,0,0,0.18), 0 4px 15px 0 rgba(0,0,0,0.15);\n}\n.btn-3d#default-btn-b5325148a7f3d19fc3210852c967a23e {\n  box-shadow: 0px 2px 0px 0px #000000;\n}\n.btn-3d#default-btn-b5325148a7f3d19fc3210852c967a23e:hover {\n  box-shadow: 0px 2px 0px 0px #e0e0e0;\n}\n.btn-flat#default-btn-b5325148a7f3d19fc3210852c967a23e {\n  box-shadow: none;\n}\n.btn-flat#default-btn-b5325148a7f3d19fc3210852c967a23e:hover {\n  box-shadow: none;\n}\n#default-btn-b5325148a7f3d19fc3210852c967a23e.ico-right-side > i {\n  margin-right: 0px;\n  margin-left: 8px;\n}\n#default-btn-b5325148a7f3d19fc3210852c967a23e > i {\n  margin-right: 8px;\n  font-size: 12px;\n}\n#default-btn-b5325148a7f3d19fc3210852c967a23e:not(:hover) {\n  border-width: 0px;\n  color: #ffffff;\n  background: #000000 !important;\n  padding: 12px 18px 12px 18px;\n}\n#default-btn-b5325148a7f3d19fc3210852c967a23e:not(:hover) * {\n  color: #ffffff;\n}\n#default-btn-b5325148a7f3d19fc3210852c967a23e:hover {\n  border-width: 0px;\n  color: #000000;\n  background: #ffffff !important;\n  padding: 12px 18px 12px 18px;\n}\n#default-btn-b5325148a7f3d19fc3210852c967a23e:hover * {\n  color: #000000;\n}\n#default-btn-b5325148a7f3d19fc3210852c967a23e.ico-right-side > i {\n  margin-right: 0px;\n  margin-left: 8px;\n}\n#default-btn-b5325148a7f3d19fc3210852c967a23e > i {\n  margin-right: 8px;\n}\n<\/style><a href=\"https:\/\/contecfiber.com\/en\/location-search\/\" class=\"default-btn-shortcode dt-btn link-hover-off btn-inline-left btn-flat  vc_custom_1730975688654\" id=\"default-btn-b5325148a7f3d19fc3210852c967a23e\" title=\"Standortsuche\"><span>Location Search<\/span><\/a>[\/vc_column][\/vc_row]<\/p>\n<\/div>","protected":false},"excerpt":{"rendered":"<p>[vc_row full_width=&#8221;stretch_row&#8221; bg_type=&#8221;grad&#8221; bg_grad=&#8221;background: -webkit-gradient(linear, left top, left bottom, color-stop(0%, #000000), color-stop(100%, #2985C2));background: -moz-linear-gradient(top,#000000 0%,#2985C2 100%);background: -webkit-linear-gradient(top,#000000 0%,#2985C2 100%);background: -o-linear-gradient(top,#000000 0%,#2985C2 100%);background: -ms-linear-gradient(top,#000000 0%,#2985C2 100%);background: linear-gradient(top,#000000 0%,#2985C2 100%);&#8221; css=&#8221;.vc_custom_1705570794716{margin-top: 0px !important;border-top-width: 0px !important;padding-top: 50px !important;padding-bottom: 30px !important;}&#8221;][vc_column width=&#8221;1\/6&#8243;][\/vc_column][vc_column width=&#8221;2\/3&#8243;][vc_column_text] Techinical Support Unique Swiss success story [\/vc_column_text][\/vc_column][vc_column width=&#8221;1\/6&#8243;][\/vc_column][\/vc_row][vc_row content_placement=&#8221;middle&#8221; bg_type=&#8221;bg_color&#8221; ult_hide_row=&#8221;ult_hide_row_value&#8221; ult_hide_row_tablet=&#8221;tablet&#8221; ult_hide_row_tablet_small=&#8221;xs_tablet&#8221; ult_hide_row_mobile=&#8221;mobile&#8221; ult_hide_row_mobile_large=&#8221;xl_mobile&#8221; css=&#8221;.vc_custom_1726042860341{margin-top:&hellip;<\/p>\n","protected":false},"author":1,"featured_media":0,"parent":0,"menu_order":0,"comment_status":"closed","ping_status":"closed","template":"","meta":{"footnotes":""},"class_list":["post-1011","page","type-page","status-publish","hentry","description-off"],"_links":{"self":[{"href":"https:\/\/contecfiber.com\/en\/wp-json\/wp\/v2\/pages\/1011","targetHints":{"allow":["GET"]}}],"collection":[{"href":"https:\/\/contecfiber.com\/en\/wp-json\/wp\/v2\/pages"}],"about":[{"href":"https:\/\/contecfiber.com\/en\/wp-json\/wp\/v2\/types\/page"}],"author":[{"embeddable":true,"href":"https:\/\/contecfiber.com\/en\/wp-json\/wp\/v2\/users\/1"}],"replies":[{"embeddable":true,"href":"https:\/\/contecfiber.com\/en\/wp-json\/wp\/v2\/comments?post=1011"}],"version-history":[{"count":23,"href":"https:\/\/contecfiber.com\/en\/wp-json\/wp\/v2\/pages\/1011\/revisions"}],"predecessor-version":[{"id":5373,"href":"https:\/\/contecfiber.com\/en\/wp-json\/wp\/v2\/pages\/1011\/revisions\/5373"}],"wp:attachment":[{"href":"https:\/\/contecfiber.com\/en\/wp-json\/wp\/v2\/media?parent=1011"}],"curies":[{"name":"wp","href":"https:\/\/api.w.org\/{rel}","templated":true}]}}