{"id":904,"date":"2024-02-01T15:11:58","date_gmt":"2024-02-01T15:11:58","guid":{"rendered":"https:\/\/confident-zhukovsky.185-178-193-234.plesk.page\/concrete-surfaces-in-contact-with-water\/"},"modified":"2024-02-06T08:08:27","modified_gmt":"2024-02-06T08:08:27","slug":"concrete-surfaces-in-contact-with-water","status":"publish","type":"page","link":"https:\/\/contecfiber.com\/en\/concrete-surfaces-in-contact-with-water\/","title":{"rendered":"Concrete surfaces in contact with water"},"content":{"rendered":"<div class=\"wpb-content-wrapper\"><p>[vc_row full_width=&#8221;stretch_row&#8221; bg_type=&#8221;grad&#8221; bg_grad=&#8221;background: -webkit-gradient(linear, left top, left bottom, color-stop(0%, #000000), color-stop(100%, #2985C2));background: -moz-linear-gradient(top,#000000 0%,#2985C2 100%);background: -webkit-linear-gradient(top,#000000 0%,#2985C2 100%);background: -o-linear-gradient(top,#000000 0%,#2985C2 100%);background: -ms-linear-gradient(top,#000000 0%,#2985C2 100%);background: linear-gradient(top,#000000 0%,#2985C2 100%);&#8221; css=&#8221;.vc_custom_1705562838915{margin-top: 0px !important;border-top-width: 0px !important;padding-top: 50px !important;padding-bottom: 50px !important;}&#8221;][vc_column width=&#8221;1\/6&#8243;][\/vc_column][vc_column width=&#8221;2\/3&#8243;][vc_column_text]<\/p>\n<h1 class=\"title\" style=\"text-align: center;\"><span style=\"color: #ffffff;\">Concrete surfaces in contact with water<\/span><\/h1>\n<p style=\"text-align: center;\"><span style=\"color: #ffffff;\">Increases the life expectancy of the concrete surface<\/span><\/p>\n<p>[\/vc_column_text][\/vc_column][vc_column width=&#8221;1\/6&#8243;][\/vc_column][\/vc_row][vc_row css=&#8221;.vc_custom_1705566459515{padding-top: 50px !important;}&#8221;][vc_column][vc_column_text css_animation=&#8221;fadeInLeft&#8221; css=&#8221;.vc_custom_1706800112429{margin-bottom: 0px !important;border-bottom-width: 0px !important;padding-bottom: 10px !important;}&#8221;]<\/p>\n<h2 class=\"title\">To protect the reinforcement<\/h2>\n<div>\n<p>Sewage treatment plants, sewers, parts of power stations &#8211; they all have one thing in common: the risk of corrosion from water ingress for conventional steel reinforcement.<\/p>\n<p>Fibrofor High Grade reduces the depth of water penetration into the concrete body by more than 25%, reduces shrinkage cracks and increases abrasion resistance. Fibrofor High Grade therefore greatly increases the quality and service life of concrete parts that are exposed to water.<br \/>\nSewage treatment plants and sewers are even more problematic, as they are often exposed to particularly aggressive water. Our synthetic fibers are proven to be resistant to such liquids.<\/p>\n<p>Based on a structural analysis, the conventional steel reinforcement can be replaced to a large extent or even completely by Fibrofor High Grade or Concrix. The combination of both fibers has proven to be particularly advantageous in ducts.<br \/>\nIn addition, if construction conditions are cramped, such as in underground buildings, there is no need for the laborious insertion and laying of the structural steel; this means you can significantly reduce construction time and costs with our fibers.<\/p>\n<p>If required, our engineers will prepare a free structural analysis based on the latest standards.<\/p>\n<\/div>\n<p>[\/vc_column_text]<style type=\"text\/css\" data-type=\"the7_shortcodes-inline-css\">#default-btn-bf7052fae925e9972528f8622cc66e18.ico-right-side > i {\n  margin-right: 0px;\n  margin-left: 8px;\n}\n#default-btn-bf7052fae925e9972528f8622cc66e18 > i {\n  margin-right: 8px;\n}\n<\/style><a href=\"#\" class=\"default-btn-shortcode dt-btn dt-btn-m link-hover-off btn-inline-left  vc_custom_1705566226667\" id=\"default-btn-bf7052fae925e9972528f8622cc66e18\"><span>Service<\/span><\/a>[\/vc_column][\/vc_row][vc_row css_animation=&#8221;fadeInUp&#8221; css=&#8221;.vc_custom_1705568506088{padding-top: 60px !important;padding-bottom: 80px !important;}&#8221;][vc_column]<style type=\"text\/css\" data-type=\"the7_shortcodes-inline-css\">.gallery-carousel-shortcode.gallery-carousel-shortcode-id-7e4d5ec60403bfdec9a9e0f4823d8eea .owl-nav a {\n  width: 36px;\n  height: 36px;\n  border-radius: 500px;\n}\n.dt-arrow-border-on.gallery-carousel-shortcode.gallery-carousel-shortcode-id-7e4d5ec60403bfdec9a9e0f4823d8eea .owl-nav a:not(:hover):before {\n  border-width: 0px;\n}\n.dt-arrow-hover-border-on.gallery-carousel-shortcode.gallery-carousel-shortcode-id-7e4d5ec60403bfdec9a9e0f4823d8eea .owl-nav a:hover:after {\n  border-width: 0px;\n}\n.gallery-carousel-shortcode.gallery-carousel-shortcode-id-7e4d5ec60403bfdec9a9e0f4823d8eea .owl-nav a.owl-prev {\n  top: 50%;\n  transform: translateY(calc(-50% + 0px));\n  left: -43px;\n}\n@media all and (-ms-high-contrast: none) {\n  .gallery-carousel-shortcode.gallery-carousel-shortcode-id-7e4d5ec60403bfdec9a9e0f4823d8eea .owl-nav a.owl-prev {\n    transform: translateY(-50%);\n    margin-top: 0px;\n  }\n}\n.gallery-carousel-shortcode.gallery-carousel-shortcode-id-7e4d5ec60403bfdec9a9e0f4823d8eea .owl-nav a.owl-prev i {\n  padding: 0px 0px 0px 0px;\n}\n.gallery-carousel-shortcode.gallery-carousel-shortcode-id-7e4d5ec60403bfdec9a9e0f4823d8eea .owl-nav a.owl-next {\n  top: 50%;\n  transform: translateY(calc(-50% + 0px));\n  right: -43px;\n}\n@media all and (-ms-high-contrast: none) {\n  .gallery-carousel-shortcode.gallery-carousel-shortcode-id-7e4d5ec60403bfdec9a9e0f4823d8eea .owl-nav a.owl-next {\n    transform: translateY(-50%);\n    margin-top: 0px;\n  }\n}\n.gallery-carousel-shortcode.gallery-carousel-shortcode-id-7e4d5ec60403bfdec9a9e0f4823d8eea .owl-nav a.owl-next i {\n  padding: 0px 0px 0px 0px;\n}\n.gallery-carousel-shortcode.gallery-carousel-shortcode-id-7e4d5ec60403bfdec9a9e0f4823d8eea .owl-nav i {\n  font-size: 18px;\n}\n.gallery-carousel-shortcode.gallery-carousel-shortcode-id-7e4d5ec60403bfdec9a9e0f4823d8eea .owl-nav a:not(:hover) i,\n.gallery-carousel-shortcode.gallery-carousel-shortcode-id-7e4d5ec60403bfdec9a9e0f4823d8eea .owl-nav a:not(:hover) i:before {\n  color: #1c9dd9;\n  background: none;\n}\n.gallery-carousel-shortcode.gallery-carousel-shortcode-id-7e4d5ec60403bfdec9a9e0f4823d8eea .owl-nav a:hover i,\n.gallery-carousel-shortcode.gallery-carousel-shortcode-id-7e4d5ec60403bfdec9a9e0f4823d8eea .owl-nav a:hover i:before {\n  color: #1c9dd9;\n  background: none;\n}\n.gallery-carousel-shortcode.gallery-carousel-shortcode-id-7e4d5ec60403bfdec9a9e0f4823d8eea .owl-dots {\n  top: calc(100% + 20px);\n  left: 50%;\n  transform: translateX(calc(-50% + 0px));\n}\n@media all and (-ms-high-contrast: none) {\n  .gallery-carousel-shortcode.gallery-carousel-shortcode-id-7e4d5ec60403bfdec9a9e0f4823d8eea .owl-dots {\n    transform: translateX(-50%);\n    margin-left: 0px;\n  }\n}\n.gallery-carousel-shortcode.gallery-carousel-shortcode-id-7e4d5ec60403bfdec9a9e0f4823d8eea .owl-dot {\n  width: 10px;\n  height: 10px;\n  margin: 0 8px;\n}\n@media screen and (max-width: 778px) {\n  .gallery-carousel-shortcode.gallery-carousel-shortcode-id-7e4d5ec60403bfdec9a9e0f4823d8eea.hide-arrows .owl-nav a {\n    display: none;\n  }\n}\n@media screen and (max-width: 778px) {\n  .gallery-carousel-shortcode.gallery-carousel-shortcode-id-7e4d5ec60403bfdec9a9e0f4823d8eea.reposition-arrows .owl-nav .owl-prev {\n    top: 50%;\n    transform: translateY(calc(-50% + 0px));\n    left: 10px;\n  }\n  .gallery-carousel-shortcode.gallery-carousel-shortcode-id-7e4d5ec60403bfdec9a9e0f4823d8eea.reposition-arrows .owl-nav .owl-next {\n    top: 50%;\n    transform: translateY(calc(-50% + 0px));\n    right: 10px;\n  }\n}\n@media screen and (max-width: 778px) and all and (-ms-high-contrast: none) {\n  .gallery-carousel-shortcode.gallery-carousel-shortcode-id-7e4d5ec60403bfdec9a9e0f4823d8eea.reposition-arrows .owl-nav .owl-prev {\n    transform: translateY(-50%);\n    margin-top: 0px;\n  }\n}\n@media screen and (max-width: 778px) and all and (-ms-high-contrast: none) {\n  .gallery-carousel-shortcode.gallery-carousel-shortcode-id-7e4d5ec60403bfdec9a9e0f4823d8eea.reposition-arrows .owl-nav .owl-next {\n    transform: translateY(-50%);\n    margin-top: 0px;\n  }\n}\n.gallery-carousel-shortcode.gallery-carousel-shortcode-id-7e4d5ec60403bfdec9a9e0f4823d8eea figure,\n.gallery-carousel-shortcode.gallery-carousel-shortcode-id-7e4d5ec60403bfdec9a9e0f4823d8eea .rollover,\n.gallery-carousel-shortcode.gallery-carousel-shortcode-id-7e4d5ec60403bfdec9a9e0f4823d8eea img,\n.gallery-carousel-shortcode.gallery-carousel-shortcode-id-7e4d5ec60403bfdec9a9e0f4823d8eea .gallery-rollover {\n  border-radius: 0px;\n}\n.gallery-carousel-shortcode.gallery-carousel-shortcode-id-7e4d5ec60403bfdec9a9e0f4823d8eea.enable-bg-rollover .gallery-rollover {\n  background: rgba(28,157,217,0.31);\n  box-shadow: none;\n  background: -webkit-linear-gradient();\n  background: linear-gradient();\n}\n.gallery-carousel-shortcode.gallery-carousel-shortcode-id-7e4d5ec60403bfdec9a9e0f4823d8eea.enable-img-shadow .owl-stage-outer {\n  padding: 14px 0;\n}\n.gallery-carousel-shortcode.gallery-carousel-shortcode-id-7e4d5ec60403bfdec9a9e0f4823d8eea.enable-bg-rollover.hover-scale figure .rollover:after {\n  background: rgba(28,157,217,0.31);\n  box-shadow: none;\n  background: -webkit-linear-gradient();\n  background: linear-gradient();\n}\n.gallery-carousel-shortcode.gallery-carousel-shortcode-id-7e4d5ec60403bfdec9a9e0f4823d8eea.gallery-shortcode .gallery-zoom-ico {\n  width: 44px;\n  height: 44px;\n  line-height: 44px;\n  border-radius: 100px;\n  margin: -22px 0 0 -22px;\n  border-width: 0px;\n}\n.dt-icon-bg-on.gallery-carousel-shortcode.gallery-carousel-shortcode-id-7e4d5ec60403bfdec9a9e0f4823d8eea.gallery-shortcode .gallery-zoom-ico {\n  background: rgba(255,255,255,0.3);\n  box-shadow: none;\n}\n.gallery-carousel-shortcode.gallery-carousel-shortcode-id-7e4d5ec60403bfdec9a9e0f4823d8eea.gallery-shortcode .gallery-zoom-ico:before,\n.gallery-carousel-shortcode.gallery-carousel-shortcode-id-7e4d5ec60403bfdec9a9e0f4823d8eea.gallery-shortcode .gallery-zoom-ico span {\n  font-size: 32px;\n  line-height: 44px;\n  color: #ffffff;\n  background: none;\n}\n<\/style><div class=\"owl-carousel gallery-carousel-shortcode gallery-shortcode  dt-gallery-container dt-owl-carousel-call gallery-carousel-shortcode-id-7e4d5ec60403bfdec9a9e0f4823d8eea enable-bg-rollover meta-info-off bullets-small-dot-stroke reposition-arrows dt-icon-bg-off arrows-bg-off disable-arrows-hover-bg arrows-hover-bg-off  hover-fade \" data-scroll-mode=\"1\" data-col-num=\"4\" data-wide-col-num=\"4\" data-laptop-col=\"4\" data-h-tablet-columns-num=\"4\" data-v-tablet-columns-num=\"4\" data-phone-columns-num=\"1\" data-col-gap=\"10\" data-stage-padding=\"0\" data-speed=\"600\" data-autoplay=\"false\" data-autoplay_speed=\"6000\" data-arrows=\"true\" data-bullet=\"false\" data-next-icon=\"icon-ar-017-r\" data-prev-icon=\"icon-ar-017-l\" data-img-shadow-size=\"12px\" data-img-shadow-spread=\"3px\"><div data-post-id=\"839\" data-date=\"2024-02-01T15:08:55+00:00\" data-name=\"contecfiber-wasserberuehrteflaechen-ponton-highgrade.JPG\"><figure class=\"post\"><a href=\"https:\/\/contecfiber.com\/wp-content\/uploads\/2024\/02\/contecfiber-wasserberuehrteflaechen-ponton-highgrade.JPG.webp\" class=\"rollover dt-pswp-item layzr-bg\" data-large_image_width=\"1400\" data-large_image_height=\"1050\" data-dt-img-description=\"\" title=\"contecfiber-wasserberuehrteflaechen-ponton-highgrade.JPG\"><img loading=\"lazy\" decoding=\"async\" class=\"preload-me owl-lazy-load\" src=\"data:image\/svg+xml,%3Csvg%20xmlns%3D&#39;http%3A%2F%2Fwww.w3.org%2F2000%2Fsvg&#39;%20viewBox%3D&#39;0%200%201400%201050&#39;%2F%3E\" data-src=\"https:\/\/contecfiber.com\/wp-content\/uploads\/2024\/02\/contecfiber-wasserberuehrteflaechen-ponton-highgrade.JPG.webp\" data-srcset=\"https:\/\/contecfiber.com\/wp-content\/uploads\/2024\/02\/contecfiber-wasserberuehrteflaechen-ponton-highgrade.JPG.webp 1400w\" alt=\"\" width=\"1400\" height=\"1050\"  \/><span class=\"gallery-rollover\"><\/span><\/a><\/figure><\/div><div data-post-id=\"840\" data-date=\"2024-02-01T15:08:58+00:00\" data-name=\"contecfiber-wasserberuehrteflaechen-kraftwerk-highgrade.JPG\"><figure class=\"post\"><a href=\"https:\/\/contecfiber.com\/wp-content\/uploads\/2024\/02\/contecfiber-wasserberuehrteflaechen-kraftwerk-highgrade.JPG.webp\" class=\"rollover dt-pswp-item layzr-bg\" data-large_image_width=\"1400\" data-large_image_height=\"1050\" data-dt-img-description=\"\" title=\"contecfiber-wasserberuehrteflaechen-kraftwerk-highgrade.JPG\"><img loading=\"lazy\" decoding=\"async\" class=\"preload-me owl-lazy-load\" src=\"data:image\/svg+xml,%3Csvg%20xmlns%3D&#39;http%3A%2F%2Fwww.w3.org%2F2000%2Fsvg&#39;%20viewBox%3D&#39;0%200%201400%201050&#39;%2F%3E\" data-src=\"https:\/\/contecfiber.com\/wp-content\/uploads\/2024\/02\/contecfiber-wasserberuehrteflaechen-kraftwerk-highgrade.JPG.webp\" data-srcset=\"https:\/\/contecfiber.com\/wp-content\/uploads\/2024\/02\/contecfiber-wasserberuehrteflaechen-kraftwerk-highgrade.JPG.webp 1400w\" alt=\"\" width=\"1400\" height=\"1050\"  \/><span class=\"gallery-rollover\"><\/span><\/a><\/figure><\/div><div data-post-id=\"841\" data-date=\"2024-02-01T15:09:01+00:00\" data-name=\"contecfiber-wasserberuehrteflaeche-seafacadewall-concrixes.JPG\"><figure class=\"post\"><a href=\"https:\/\/contecfiber.com\/wp-content\/uploads\/2024\/02\/contecfiber-wasserberuehrteflaeche-seafacadewall-concrixes.JPG.webp\" class=\"rollover dt-pswp-item layzr-bg\" data-large_image_width=\"1400\" data-large_image_height=\"1867\" data-dt-img-description=\"\" title=\"contecfiber-wasserberuehrteflaeche-seafacadewall-concrixes.JPG\"><img loading=\"lazy\" decoding=\"async\" class=\"preload-me owl-lazy-load\" src=\"data:image\/svg+xml,%3Csvg%20xmlns%3D&#39;http%3A%2F%2Fwww.w3.org%2F2000%2Fsvg&#39;%20viewBox%3D&#39;0%200%201400%201050&#39;%2F%3E\" data-src=\"https:\/\/contecfiber.com\/wp-content\/uploads\/2024\/02\/contecfiber-wasserberuehrteflaeche-seafacadewall-concrixes.JPG-1400x1050.webp\" data-srcset=\"https:\/\/contecfiber.com\/wp-content\/uploads\/2024\/02\/contecfiber-wasserberuehrteflaeche-seafacadewall-concrixes.JPG-1400x1050.webp 1400w\" alt=\"\" width=\"1400\" height=\"1050\"  \/><span class=\"gallery-rollover\"><\/span><\/a><\/figure><\/div><\/div>[\/vc_column][\/vc_row][vc_row css=&#8221;.vc_custom_1705566366623{margin-top: 50px !important;margin-bottom: 50px !important;}&#8221;][vc_column]\n\t\t\t<!-- START W\u2060a\u2060s\u2060s\u2060e\u2060r\u00adb\u2060e\u2060r\u2060\u00fc\u2060h\u2060r\u2060t\u2060e Beton\u00adfl\u00e4chen REVOLUTION SLIDER 6.6.20 --><p class=\"rs-p-wp-fix\"><\/p>\n\t\t\t<rs-module-wrap id=\"rev_slider_11_1_wrapper\" data-source=\"gallery\" style=\"visibility:hidden;background:transparent;padding:0;margin:0px auto;margin-top:0;margin-bottom:0;\">\n\t\t\t\t<rs-module id=\"rev_slider_11_1\" style=\"\" data-version=\"6.6.20\">\n\t\t\t\t\t<rs-slides style=\"overflow: hidden; position: absolute;\">\n\t\t\t\t\t\t<rs-slide style=\"position: absolute;\" data-key=\"rs-14\" data-title=\"Slide\" data-in=\"o:0;\" data-out=\"a:false;\">\n\t\t\t\t\t\t\t<img decoding=\"async\" src=\"\/\/contecfiber.com\/wp-content\/plugins\/revslider\/public\/assets\/assets\/dummy.png\" alt=\"\" title=\"contec-fiber-Wasserberuehrteflaechen_14.jpeg\" width=\"1920\" height=\"1080\" class=\"rev-slidebg tp-rs-img rs-lazyload\" data-lazyload=\"\/\/contecfiber.com\/wp-content\/uploads\/revslider\/video-media\/contec-fiber-Wasserberuehrteflaechen_14.jpeg\" data-no-retina>\n\t\t\t\t\t\t\t<rs-bgvideo \n\t\t\t\t\t\t\t\tdata-video=\"w:100%;h:100%;nse:false;l:true;ptimer:false;vfc:true;\"\n\t\t\t\t\t\t\t\tdata-mp4=\"\/\/contecfiber.com\/wp-content\/uploads\/2024\/02\/contec-fiber-Wasserberuehrteflaechen.mp4\"\n\t\t\t\t\t\t\t><\/rs-bgvideo>\n<!--\n\t\t\t\t\t\t\t--><rs-layer\n\t\t\t\t\t\t\t\tid=\"slider-11-slide-14-layer-0\" \n\t\t\t\t\t\t\t\tdata-type=\"text\"\n\t\t\t\t\t\t\t\tdata-color=\"#000000\"\n\t\t\t\t\t\t\t\tdata-rsp_ch=\"on\"\n\t\t\t\t\t\t\t\tdata-xy=\"xo:28px,28px,28px,30px;yo:130px,130px,130px,89px;\"\n\t\t\t\t\t\t\t\tdata-text=\"w:normal;s:24;l:27,27,27,26;fw:700;\"\n\t\t\t\t\t\t\t\tdata-dim=\"w:auto,auto,auto,404px;\"\n\t\t\t\t\t\t\t\tdata-frame_999=\"o:0;st:w;\"\n\t\t\t\t\t\t\t\tstyle=\"z-index:8;font-family:'Roboto';\"\n\t\t\t\t\t\t\t>Synthetische Betonfasern \n\t\t\t\t\t\t\t<\/rs-layer><!--\n\n\t\t\t\t\t\t\t--><rs-layer\n\t\t\t\t\t\t\t\tid=\"slider-11-slide-14-layer-1\" \n\t\t\t\t\t\t\t\tdata-type=\"image\"\n\t\t\t\t\t\t\t\tdata-rsp_ch=\"on\"\n\t\t\t\t\t\t\t\tdata-xy=\"xo:-136px,-136px,-136px,-157px;yo:-370px,-370px,-370px,-162px;\"\n\t\t\t\t\t\t\t\tdata-text=\"w:normal;s:20,20,20,7;l:0,0,0,9;\"\n\t\t\t\t\t\t\t\tdata-dim=\"w:1494px,1494px,1494px,916px;h:840px,840px,840px,515px;\"\n\t\t\t\t\t\t\t\tdata-frame_999=\"o:0;st:w;\"\n\t\t\t\t\t\t\t\tstyle=\"z-index:6;\"\n\t\t\t\t\t\t\t><img decoding=\"async\" src=\"\/\/contecfiber.com\/wp-content\/plugins\/revslider\/public\/assets\/assets\/dummy.png\" alt=\"\" class=\"tp-rs-img rs-lazyload\" width=\"1920\" height=\"1080\" data-lazyload=\"\/\/contecfiber.com\/wp-content\/uploads\/2024\/01\/verlauf.png\" data-no-retina> \n\t\t\t\t\t\t\t<\/rs-layer><!--\n\n\t\t\t\t\t\t\t--><rs-layer\n\t\t\t\t\t\t\t\tid=\"slider-11-slide-14-layer-2\" \n\t\t\t\t\t\t\t\tclass=\"rev-btn\"\n\t\t\t\t\t\t\t\tdata-type=\"button\"\n\t\t\t\t\t\t\t\tdata-rsp_ch=\"on\"\n\t\t\t\t\t\t\t\tdata-xy=\"xo:25px,25px,25px,31px;yo:288px,288px,288px,243px;\"\n\t\t\t\t\t\t\t\tdata-text=\"w:normal;s:20,20,20,15;l:50,50,50,40;fw:500;\"\n\t\t\t\t\t\t\t\tdata-dim=\"w:106px,106px,106px,84px;minh:0px,0px,0px,none;\"\n\t\t\t\t\t\t\t\tdata-padding=\"r:20,20,20,17;l:20,20,20,17;\"\n\t\t\t\t\t\t\t\tdata-border=\"bor:25px,25px,25px,25px;\"\n\t\t\t\t\t\t\t\tdata-frame_0=\"x:0,0,0,0px;y:0,0,0,0px;\"\n\t\t\t\t\t\t\t\tdata-frame_1=\"x:0,0,0,0px;y:0,0,0,0px;\"\n\t\t\t\t\t\t\t\tdata-frame_999=\"o:0;st:w;\"\n\t\t\t\t\t\t\t\tdata-frame_hover=\"c:#000;bgc:#fff;bor:25px,25px,25px,25px;sp:200;e:power1.inOut;\"\n\t\t\t\t\t\t\t\tstyle=\"z-index:9;background-color:rgba(0,0,0,1);font-family:'Roboto';\"\n\t\t\t\t\t\t\t>Service \n\t\t\t\t\t\t\t<\/rs-layer><!--\n\n\t\t\t\t\t\t\t--><rs-layer\n\t\t\t\t\t\t\t\tid=\"slider-11-slide-14-layer-8\" \n\t\t\t\t\t\t\t\tdata-type=\"text\"\n\t\t\t\t\t\t\t\tdata-color=\"#000000\"\n\t\t\t\t\t\t\t\tdata-rsp_ch=\"on\"\n\t\t\t\t\t\t\t\tdata-xy=\"xo:24px,24px,24px,29px;yo:161px,161px,161px,121px;\"\n\t\t\t\t\t\t\t\tdata-text=\"w:normal;s:44,44,44,32;l:58,58,58,34;\"\n\t\t\t\t\t\t\t\tdata-dim=\"w:890,890,890,285px;\"\n\t\t\t\t\t\t\t\tdata-frame_999=\"o:0;st:w;\"\n\t\t\t\t\t\t\t\tstyle=\"z-index:7;font-family:'Roboto';\"\n\t\t\t\t\t\t\t>Die Alternativen zu Stahlbewehrung und<br \/>\nStahlfasern f\u00fcr wasserber\u00fchrte Fl\u00e4chen. \n\t\t\t\t\t\t\t<\/rs-layer><!--\n-->\t\t\t\t\t\t<\/rs-slide>\n\t\t\t\t\t<\/rs-slides>\n\t\t\t\t<\/rs-module>\n\t\t\t\t<script>\n\t\t\t\t\tsetREVStartSize({c: 'rev_slider_11_1',rl:[1240,1240,1240,480],el:[460,460,460,350],gw:[1240,1240,1240,480],gh:[460,460,460,350],type:'standard',justify:'',layout:'fullwidth',mh:\"0\"});if (window.RS_MODULES!==undefined && window.RS_MODULES.modules!==undefined && window.RS_MODULES.modules[\"revslider111\"]!==undefined) {window.RS_MODULES.modules[\"revslider111\"].once = false;window.revapi11 = undefined;if (window.RS_MODULES.checkMinimal!==undefined) window.RS_MODULES.checkMinimal()}\n\t\t\t\t<\/script>\n\t\t\t<\/rs-module-wrap>\n\t\t\t<!-- END REVOLUTION SLIDER -->\n[\/vc_column][\/vc_row][vc_row content_placement=&#8221;middle&#8221; css=&#8221;.vc_custom_1705569525002{padding-top: 50px !important;padding-bottom: 80px !important;}&#8221;][vc_column css_animation=&#8221;fadeInLeft&#8221; width=&#8221;1\/2&#8243; css=&#8221;.vc_custom_1705569518923{margin-top: 0px !important;margin-right: -60px !important;margin-bottom: 0px !important;margin-left: 0px !important;border-top-width: 0px !important;border-right-width: 0px !important;border-bottom-width: 0px !important;border-left-width: 0px !important;padding-top: 0px !important;padding-right: 0px !important;padding-bottom: 0px !important;padding-left: 0px !important;}&#8221;][vc_single_image image=&#8221;445&#8243; img_size=&#8221;full&#8221; css=&#8221;.vc_custom_1706800252518{margin-top: 0px !important;margin-right: 0px !important;margin-bottom: 0px !important;margin-left: 0px !important;border-top-width: 0px !important;border-right-width: 0px !important;border-bottom-width: 0px !important;border-left-width: 0px !important;padding-top: 0px !important;padding-right: 0px !important;padding-bottom: 0px !important;padding-left: 0px !important;}&#8221;][\/vc_column][vc_column css_animation=&#8221;fadeInRight&#8221; width=&#8221;1\/2&#8243; css=&#8221;.vc_custom_1705569512702{padding-top: 40px !important;padding-right: 40px !important;padding-bottom: 40px !important;padding-left: 40px !important;background-color: #efefef !important;}&#8221;][vc_column_text]<\/p>\n<h2 class=\"heading\">Advantages<\/h2>\n<p>Increased water penetration depth and service life of concrete surfaces.[\/vc_column_text][vc_accordion active_tab=&#8221;444&#8243; collapsible=&#8221;yes&#8221; title_size=&#8221;h4&#8243; style=&#8221;3&#8243;][vc_accordion_tab title=&#8221;Advantages&#8221;][vc_row_inner][vc_column_inner][vc_column_text]Our synthetic fibers reduce maintenance costs[\/vc_column_text][\/vc_column_inner][\/vc_row_inner][\/vc_accordion_tab][vc_accordion_tab title=&#8221;Water penetration depth&#8221;][vc_column_text]Our products reduce the depth of water penetration into the concrete body. The fibers increase the quality and service life of components that are exposed to water.[\/vc_column_text][\/vc_accordion_tab][vc_accordion_tab title=&#8221;Shrinkage behavior&#8221;][vc_column_text]They also have a markedly positive effect on the shrinkage behavior of the components and extend the service life of the structures.[\/vc_column_text][\/vc_accordion_tab][vc_accordion_tab title=&#8221;Abrasion resistance&#8221;][vc_column_text]Our products increase the resistance of the concrete surface to abrasion caused by vehicles, seawater or other uses. This extends the service life of structures in contact with water.[\/vc_column_text][\/vc_accordion_tab][\/vc_accordion][\/vc_column][\/vc_row][vc_row full_width=&#8221;stretch_row&#8221; bg_type=&#8221;grad&#8221; css=&#8221;.vc_custom_1705568354362{margin-bottom: 0px !important;border-bottom-width: 0px !important;padding-top: 50px !important;padding-bottom: 50px !important;}&#8221; bg_grad=&#8221;background: -webkit-gradient(linear, left top, left bottom, color-stop(0%, #7EBEE6), color-stop(49%, #2985C2), color-stop(100%, #175C87));background: -moz-linear-gradient(top,#7EBEE6 0%,#2985C2 49%,#175C87 100%);background: -webkit-linear-gradient(top,#7EBEE6 0%,#2985C2 49%,#175C87 100%);background: -o-linear-gradient(top,#7EBEE6 0%,#2985C2 49%,#175C87 100%);background: -ms-linear-gradient(top,#7EBEE6 0%,#2985C2 49%,#175C87 100%);background: linear-gradient(top,#7EBEE6 0%,#2985C2 49%,#175C87 100%);&#8221;][vc_column][vc_column_text css_animation=&#8221;fadeInUp&#8221;]<\/p>\n<div style=\"width: 1200px;\" class=\"wp-video\"><video class=\"wp-video-shortcode\" id=\"video-904-1\" width=\"1200\" height=\"675\" preload=\"metadata\" controls=\"controls\"><source type=\"video\/mp4\" src=\"https:\/\/contecfiber.com\/wp-content\/uploads\/2024\/01\/industrieboeden-und-aussenflaechen.mp4?_=1\" \/><a href=\"https:\/\/contecfiber.com\/wp-content\/uploads\/2024\/01\/industrieboeden-und-aussenflaechen.mp4\">https:\/\/contecfiber.com\/wp-content\/uploads\/2024\/01\/industrieboeden-und-aussenflaechen.mp4<\/a><\/video><\/div>\n<p>[\/vc_column_text][\/vc_column][\/vc_row]<\/p>\n<\/div>","protected":false},"excerpt":{"rendered":"<p>[vc_row full_width=&#8221;stretch_row&#8221; bg_type=&#8221;grad&#8221; bg_grad=&#8221;background: -webkit-gradient(linear, left top, left bottom, color-stop(0%, #000000), color-stop(100%, #2985C2));background: -moz-linear-gradient(top,#000000 0%,#2985C2 100%);background: -webkit-linear-gradient(top,#000000 0%,#2985C2 100%);background: -o-linear-gradient(top,#000000 0%,#2985C2 100%);background: -ms-linear-gradient(top,#000000 0%,#2985C2 100%);background: linear-gradient(top,#000000 0%,#2985C2 100%);&#8221; css=&#8221;.vc_custom_1705562838915{margin-top: 0px !important;border-top-width: 0px !important;padding-top: 50px !important;padding-bottom: 50px !important;}&#8221;][vc_column width=&#8221;1\/6&#8243;][\/vc_column][vc_column width=&#8221;2\/3&#8243;][vc_column_text] Concrete surfaces in contact with water Increases the life expectancy of the concrete surface [\/vc_column_text][\/vc_column][vc_column width=&#8221;1\/6&#8243;][\/vc_column][\/vc_row][vc_row&hellip;<\/p>\n","protected":false},"author":1,"featured_media":0,"parent":0,"menu_order":0,"comment_status":"closed","ping_status":"open","template":"","meta":{"footnotes":""},"class_list":["post-904","page","type-page","status-publish","hentry","description-off"],"_links":{"self":[{"href":"https:\/\/contecfiber.com\/en\/wp-json\/wp\/v2\/pages\/904","targetHints":{"allow":["GET"]}}],"collection":[{"href":"https:\/\/contecfiber.com\/en\/wp-json\/wp\/v2\/pages"}],"about":[{"href":"https:\/\/contecfiber.com\/en\/wp-json\/wp\/v2\/types\/page"}],"author":[{"embeddable":true,"href":"https:\/\/contecfiber.com\/en\/wp-json\/wp\/v2\/users\/1"}],"replies":[{"embeddable":true,"href":"https:\/\/contecfiber.com\/en\/wp-json\/wp\/v2\/comments?post=904"}],"version-history":[{"count":3,"href":"https:\/\/contecfiber.com\/en\/wp-json\/wp\/v2\/pages\/904\/revisions"}],"predecessor-version":[{"id":2699,"href":"https:\/\/contecfiber.com\/en\/wp-json\/wp\/v2\/pages\/904\/revisions\/2699"}],"wp:attachment":[{"href":"https:\/\/contecfiber.com\/en\/wp-json\/wp\/v2\/media?parent=904"}],"curies":[{"name":"wp","href":"https:\/\/api.w.org\/{rel}","templated":true}]}}